{"id":11410,"date":"2016-12-05T16:27:32","date_gmt":"2016-12-05T16:27:32","guid":{"rendered":"https:\/\/tattoo.vamtam.com\/?page_id=11410"},"modified":"2022-11-09T13:56:44","modified_gmt":"2022-11-09T12:56:44","slug":"about","status":"publish","type":"page","link":"https:\/\/tattoo-angel.com\/?page_id=11410","title":{"rendered":"About Angel"},"content":{"rendered":"<div class=\"vgblk-rw-wrapper limit-wrapper\">\n<h2>&#8220; Tattoo Angel &#8220; &#8211; high class T\u00e4towierkunst in St. Wendel!<\/h2>\n<h2>History <style>\n\t\t\t.fl-node- h2.vamtam-heading * {<br \/>\n\t\t\t\tcolor: #a523ff !important;<br \/>\n\t\t\t\t\t\t\t}<br \/>\n\t\t<\/style><\/h2>\n<h4>The Beginning <style>\n\t\t\t.fl-node- h4.vamtam-heading * {<br \/>\n\t\t\t\tcolor: #a523ff !important;<br \/>\n\t\t\t\t\t\t\t}<br \/>\n\t\t<\/style><\/h4>\nHygienisches und detailgetreues Arbeiten geh\u00f6rten f\u00fcr Sabrina zum Berufsalltag als Zahntechnikerin. Im Jahr 2013 hat die St. Wendelerin ihre beruflichen Fertigkeiten mit ihrem Zeichentalent verbunden und das T\u00e4towieren erlernt.\n\n<h4>Quality before quantity <style>\n\t\t\t.fl-node- h4.vamtam-heading * {<br \/>\n\t\t\t\tcolor: #a523ff !important;<br \/>\n\t\t\t\t\t\t\t}<br \/>\n\t\t<\/style><\/h4>\nSabrina setzt bei den verwendeten Materialien ausschlie\u00dflich auf qualitativ hochwertige, in Deutschland hergestellte Einmalmaterialien sowie streng kontrollierte Farben \u201emade in germany&#8220;.\n\n<h4>The Mission <style>\n\t\t\t.fl-node- h4.vamtam-heading * {<br \/>\n\t\t\t\tcolor: #a523ff !important;<br \/>\n\t\t\t\t\t\t\t}<br \/>\n\t\t<\/style><\/h4>\n&#8222;F\u00fcr mich ist mein Kunde kein Objekt, mit dem ich schnelles Geld verdiene. Das Schmuckst\u00fcck, das ich face-to-face mit dem Interessenten entwerfe, soll ein Ausdruck seiner oder ihrer Pers\u00f6nlichkeit sein.&#8220;\n\n<h2>Artist Sabrina Angel <style>\n\t\t\t.fl-node- h2.vamtam-heading * {<br \/>\n\t\t\t\tcolor: #ffffff !important;<br \/>\n\t\t\t\t\t\t\t}<br \/>\n\t\t<\/style><\/h2>\nEin gesunder Lebensstil h\u00e4ngt f\u00fcr Sabrina Angel eng zusammen mit einem guten K\u00f6rpergef\u00fchl und der Verwirklichung eigener W\u00fcnsche und Vorstellungen. Als ehemaliger Cheerleader und Coach eines St. Wendeler Teams gelang es der Hundeliebhaberin dies zum Ausdruck zu bringen und auch Andere von Ihrer positiven und mitrei\u00dfenden Art profitieren zu lassen.\nIhr Talent zu Zeichnen und Ideen aus den K\u00f6pfen Anderer in wunderbare Motive umzusetzen verwendete Sabrina im Jahr 2013 dazu, das Tatowieren zu erlernen. Was als nebenberufliche T\u00e4tigkeit begann, wurde schnell zur Passion. Kein Wunder also, dass der Beruf als Zahntechnikerin der Berufung als Tatowiererin im Jahr 2017 weichen musste.\nAls selbstst\u00e4ndige K\u00fcnstlerin arbeitet Sabrina nun in ihrem eigenen, zentral gelegenen Studio gegen\u00fcber des St. Wendeler Bahnhofs. Das helle und cleane Ambiente \u00e4hnelt eher einem Atelier und stellt damit einen krassen Gegensatz zu den g\u00e4ngigen Tat\u00f6wierl\u00e4den dar. &#8222;Tattoo Angel&#8220; ist eben high class T\u00e4towierkunst in St. Wendel.\nAu\u00dferhalb des Studios findet man Sabrina regelm\u00e4\u00dfig auf Tattoo-Conventions und anderen Events in ganz Deutschland. Wettbewerbsteilnahmen, bei denen sie bereits einige sehenswerte Platzierungen erzielt hat, sieht die Artistin als ein Messen mit der Konkurrenz, um sich st\u00e4ndig weiter zu entwickeln. Auch &#8222;Hardware&#8220;-Schmuckst\u00fccke k\u00f6nnt Ihr bei&nbsp;Sabrina von einer &nbsp;lizenzierten Piercerin stechen lassen.\nVerpasst auch nicht&nbsp;Sabrinas <a href=\"https:\/\/tattoo-angel.com\/?page_id=12304\">Special<\/a> !\n<a role=\"button\" href=\"https:\/\/tattoo-angel.com\/?page_id=11412\" target=\"_self\" rel=\"noopener\">\nGet your date\n<\/a>\n<blockquote>\n<h3>The shop was super clean and reasonably priced as well. Bill Lioka did my tattoo as a walk-in and was super professional the entire time about it. Definitely worth visiting if you&#8217;re in need of some ink!<\/h3>\n\ue208\ue208\ue208\ue208\ue208 &#8211; JACKIEADAMS777<\/blockquote>\n<blockquote>\n<h3>&#8222;Best and most talented tattoo professional ever.&#8220;<\/h3>\n\ue208\ue208\ue208\ue208\ue208 &#8211; MALCOLM GLADWELL\n\nI just got a 3\/4 sleeve from Mike Fatutoa. He is a freehand Polynesian master, the best in the states. He and his family provide a wonderful tattoo experience. I can&#8217;t relay how pleased I am. Mahalo.<\/blockquote>\n<blockquote>\n<h3>&#8222;5 stars for the sacred center tattoo&#8220;<\/h3>\n\ue208\ue208\ue208\ue208\ue208 &#8211; CHARLES F. LUMMIS\n\nI just had my first Samoan tattoo on my chest to bicep. Mike uses free hand which is amazing. He&#8217;s gifted tattoo artist. You will be more than satisfied with the outcome. I highly recommend Mike without a doubt!!!!!<\/blockquote>\n<blockquote>\n<h3>&#8222;Will be the first place I visit again when back in Amsterdam.&#8220;<\/h3>\n\ue208\ue208\ue208\ue208\ue208 &#8211; M.F. MOONZAJER\n\nMost of my tattoo&#8217;s are from Emiel. He&#8217;s a great guy and I love his work. I come with a crappy drawing as I can&#8217;t draw very well and he turns it into art. What I like is that I can say what I&#8217;m seeing in my head, my vision and he turns it into what I want. It shouldn&#8217;t be rushed. So he won&#8217;t rush. They&#8217;re Tattoo artists, and that&#8217;s what you&#8217;re getting and it&#8217;s not extremely expensive either. So next tattoo plan is going to Admiraal, AGAIN..<\/blockquote>\n<blockquote>\n<h3>&#8222;Big Mike is the best. I am happy i found him.&#8220;<\/h3>\n\ue208\ue208\ue208\ue208\ue208 &#8211; T. SCOTT MCLEOD\n\nI saw Big Mike this past weekend. He is the best. I am happy i found him. He just finished some great work on my arm. I plan on going back to have him clean some other work up. Go see him, you will be happy. Hopefully his Pops is around, he made my visit even better, because he looks and acts like my own.<\/blockquote>\n<blockquote>\n<h3>&#8222;He&#8217;s a really gifted tattooist!&#8220;<\/h3>\n\ue208\ue208\ue208\ue208\ue208 &#8211; MANDY HALE\n\nI was looking to have some cleanup work done to a band on my leg, but didn&#8217;t want to just go to some shop that would imitate what they consider a Polynesian style. So I was incredibly happy to find an artist like Mike in the area.\n\nHe&#8217;s a really gifted tattooist &#8211; lots of knowledge in traditional styles and motifs. He&#8217;s also great about reviewing what you&#8217;re looking to have done and (in my case) working to clean up any sub-par work.\n\nPrices were really reasonable and you&#8217;ll be more than satisfied with the final results.<\/blockquote>\n<\/div><!-- .vgblk-rw-wrapper -->","protected":false},"excerpt":{"rendered":"<p>&#8220; Tattoo Angel &#8220; &#8211; high class T\u00e4towierkunst in St. Wendel! History The Beginning Hygienisches und detailgetreues Arbeiten geh\u00f6rten f\u00fcr Sabrina zum Berufsalltag als Zahntechnikerin. Im Jahr 2013 hat die St. Wendelerin ihre beruflichen Fertigkeiten mit ihrem Zeichentalent verbunden und das T\u00e4towieren erlernt. Quality before quantity Sabrina setzt bei den verwendeten Materialien ausschlie\u00dflich auf qualitativ&#8230;<\/p>\n","protected":false},"author":1,"featured_media":0,"parent":0,"menu_order":0,"comment_status":"closed","ping_status":"closed","template":"","meta":{"footnotes":""},"class_list":["post-11410","page","type-page","status-publish","hentry"],"jetpack_sharing_enabled":true,"jetpack_shortlink":"https:\/\/wp.me\/PelGoX-2Y2","_links":{"self":[{"href":"https:\/\/tattoo-angel.com\/index.php?rest_route=\/wp\/v2\/pages\/11410","targetHints":{"allow":["GET"]}}],"collection":[{"href":"https:\/\/tattoo-angel.com\/index.php?rest_route=\/wp\/v2\/pages"}],"about":[{"href":"https:\/\/tattoo-angel.com\/index.php?rest_route=\/wp\/v2\/types\/page"}],"author":[{"embeddable":true,"href":"https:\/\/tattoo-angel.com\/index.php?rest_route=\/wp\/v2\/users\/1"}],"replies":[{"embeddable":true,"href":"https:\/\/tattoo-angel.com\/index.php?rest_route=%2Fwp%2Fv2%2Fcomments&post=11410"}],"version-history":[{"count":31,"href":"https:\/\/tattoo-angel.com\/index.php?rest_route=\/wp\/v2\/pages\/11410\/revisions"}],"predecessor-version":[{"id":12675,"href":"https:\/\/tattoo-angel.com\/index.php?rest_route=\/wp\/v2\/pages\/11410\/revisions\/12675"}],"wp:attachment":[{"href":"https:\/\/tattoo-angel.com\/index.php?rest_route=%2Fwp%2Fv2%2Fmedia&parent=11410"}],"curies":[{"name":"wp","href":"https:\/\/api.w.org\/{rel}","templated":true}]}}