{"id":12304,"date":"2017-10-12T17:30:11","date_gmt":"2017-10-12T17:30:11","guid":{"rendered":"http:\/\/tattoo-angel.com\/?page_id=12304"},"modified":"2022-10-25T08:25:45","modified_gmt":"2022-10-25T06:25:45","slug":"wanna-do","status":"publish","type":"page","link":"https:\/\/tattoo-angel.com\/?page_id=12304","title":{"rendered":"Wanna Do"},"content":{"rendered":"<div class=\"vgblk-rw-wrapper limit-wrapper\">\n\t<h1 style=\"text-align: center;\">Wanna Do &#8211; f\u00fcr die Mutigen!<\/h1>\n\tDu bist bereit f\u00fcr ein einzigartiges Motiv? Du bist mutig und spontan? Dann sichere Dir Dein Unikat von \u201eTattoo Angel&#8220;! \nIn regelm\u00e4\u00dfigen Abst\u00e4nden stellt Sabrina ein \u201eWanna do&#8220; vor &#8211; ein grob umschriebenes Motiv, das erst auf der Haut entsteht. Wenn du dich traust, dann reagiere schnell auf das Special und sichere Dir Dein Unikat! \nStay tuned bei\n<\/div><!-- .vgblk-rw-wrapper -->","protected":false},"excerpt":{"rendered":"<p>Wanna Do &#8211; f\u00fcr die Mutigen! Du bist bereit f\u00fcr ein einzigartiges Motiv? Du bist mutig und spontan? Dann sichere Dir Dein Unikat von \u201eTattoo Angel&#8220;! In regelm\u00e4\u00dfigen Abst\u00e4nden stellt Sabrina ein \u201eWanna do&#8220; vor &#8211; ein grob umschriebenes Motiv, das erst auf der Haut entsteht. Wenn du dich traust, dann reagiere schnell auf das&#8230;<\/p>\n","protected":false},"author":1,"featured_media":0,"parent":0,"menu_order":0,"comment_status":"closed","ping_status":"closed","template":"","meta":{"footnotes":""},"class_list":["post-12304","page","type-page","status-publish","hentry"],"jetpack_sharing_enabled":true,"jetpack_shortlink":"https:\/\/wp.me\/PelGoX-3cs","_links":{"self":[{"href":"https:\/\/tattoo-angel.com\/index.php?rest_route=\/wp\/v2\/pages\/12304","targetHints":{"allow":["GET"]}}],"collection":[{"href":"https:\/\/tattoo-angel.com\/index.php?rest_route=\/wp\/v2\/pages"}],"about":[{"href":"https:\/\/tattoo-angel.com\/index.php?rest_route=\/wp\/v2\/types\/page"}],"author":[{"embeddable":true,"href":"https:\/\/tattoo-angel.com\/index.php?rest_route=\/wp\/v2\/users\/1"}],"replies":[{"embeddable":true,"href":"https:\/\/tattoo-angel.com\/index.php?rest_route=%2Fwp%2Fv2%2Fcomments&post=12304"}],"version-history":[{"count":10,"href":"https:\/\/tattoo-angel.com\/index.php?rest_route=\/wp\/v2\/pages\/12304\/revisions"}],"predecessor-version":[{"id":12564,"href":"https:\/\/tattoo-angel.com\/index.php?rest_route=\/wp\/v2\/pages\/12304\/revisions\/12564"}],"wp:attachment":[{"href":"https:\/\/tattoo-angel.com\/index.php?rest_route=%2Fwp%2Fv2%2Fmedia&parent=12304"}],"curies":[{"name":"wp","href":"https:\/\/api.w.org\/{rel}","templated":true}]}}