{"id":12313,"date":"2017-10-12T17:57:59","date_gmt":"2017-10-12T17:57:59","guid":{"rendered":"http:\/\/tattoo-angel.com\/?page_id=12313"},"modified":"2022-10-25T08:25:44","modified_gmt":"2022-10-25T06:25:44","slug":"think-about","status":"publish","type":"page","link":"https:\/\/tattoo-angel.com\/?page_id=12313","title":{"rendered":"Think about!"},"content":{"rendered":"<div class=\"vgblk-rw-wrapper limit-wrapper\"><h4>\n\t1.\n\t\t\t<style>\n\t\t\t.fl-node- h4.vamtam-heading * {\n\t\t\t\tcolor: #a523ff !important;\n\t\t\t\t\t\t\t}\n\t\t<\/style>\n\t<\/h4>\n<h3>\n\tTriff keine \u00fcbereilte Entscheidung!\n\t\t\t<style>\n\t\t\t.fl-node- h3.vamtam-heading * {\n\t\t\t\tcolor: #ffffff !important;\n\t\t\t\t\t\t\t}\n\t\t<\/style>\n\t<\/h3>\n\t<h5>Wenn Du ein Tattoo aus einer Laune heraus,wegen eines Modetrends, wegen einer verlorenen Wette, um Jemandem etwas zu beweisen oder um gegen etwas oder Jemanden zu rebellieren machen lassen m\u00f6chtest, sind es die falschen Beweggr\u00fcnde und du wirst deine Wahl m\u00f6glicherweise bereuen.<br \/>\n<\/h5>\n<h4>\n\t2.\n\t\t\t<style>\n\t\t\t.fl-node- h4.vamtam-heading * {\n\t\t\t\tcolor: #a523ff !important;\n\t\t\t\t\t\t\t}\n\t\t<\/style>\n\t<\/h4>\n<h3>\n\tW\u00e4ge die Stelle Deines neuen Tattoos ab\n\t\t\t<style>\n\t\t\t.fl-node- h3.vamtam-heading * {\n\t\t\t\tcolor: #ffffff !important;\n\t\t\t\t\t\t\t}\n\t\t<\/style>\n\t<\/h3>\n\t<h5>Die Stelle Deines neuen Tattoos hat einen nicht unerheblichen Einfluss auf das Design. Eventuell muss Deine Vorlage vergr\u00f6\u00dfert oder verkleinert werden. Je kleiner das Motiv, desto weniger Platz ist f\u00fcr Details.<\/h5>\n<h5>Mach\u00b4 Dir bitte ebenso dar\u00fcber Gedanken, ob Dein Arbeitgeber, Deine Verwandten oder andere Personen dein Tattoo zu sehen bekommen sollen.<\/h5>\n<h4>\n\t3.\n\t\t\t<style>\n\t\t\t.fl-node- h4.vamtam-heading * {\n\t\t\t\tcolor: #a523ff !important;\n\t\t\t\t\t\t\t}\n\t\t<\/style>\n\t<\/h4>\n<h3>\n\tVerfeinere Dein Design, bis es Dich \u00fcberzeugt\n\t\t\t<style>\n\t\t\t.fl-node- h3.vamtam-heading * {\n\t\t\t\tcolor: #ffffff !important;\n\t\t\t\t\t\t\t}\n\t\t<\/style>\n\t<\/h3>\n\t<h5>Wenn Du ein Motiv gefunden hast, dann vergleiche verschiedene Arten damit. Finde heraus, was Du m\u00f6chtest und was Dir weniger zusagt. So gelangst Du schlussendlich zu Deiner perfekten Vorlage.<\/h5>\n<h4>\n\t4.\n\t\t\t<style>\n\t\t\t.fl-node- h4.vamtam-heading * {\n\t\t\t\tcolor: #a523ff !important;\n\t\t\t\t\t\t\t}\n\t\t<\/style>\n\t<\/h4>\n<h3>\n\tF\u00fchre einen Probelauf durch\n\t\t\t<style>\n\t\t\t.fl-node- h3.vamtam-heading * {\n\t\t\t\tcolor: #ffffff !important;\n\t\t\t\t\t\t\t}\n\t\t<\/style>\n\t<\/h3>\n\t<h5>Mit Tattoofolien aus dem Handel kannst Du Deine Vorlage wie ein Abziehbild auf die Haut bringen und so ein Gef\u00fchl f\u00fcr Dein neues Tattoo entwickeln. Viele davon halten sogar mehrere Tage.<\/h5>\n<h4>\n\t5.\n\t\t\t<style>\n\t\t\t.fl-node- h4.vamtam-heading * {\n\t\t\t\tcolor: #a523ff !important;\n\t\t\t\t\t\t\t}\n\t\t<\/style>\n\t<\/h4>\n<h3>\n\tThink before you ink.\n\t\t\t<style>\n\t\t\t.fl-node- h3.vamtam-heading * {\n\t\t\t\tcolor: #ffffff !important;\n\t\t\t\t\t\t\t}\n\t\t<\/style>\n\t<\/h3>\n\t<h5>Dein Tattoo begleitet Dich ein Leben lang. Du solltest Dir daher ausreichend Gedanken dar\u00fcber machen, bevor Du einen Beratungstermin bei Sabrina vereinbarst. Den Feinschliff erarbeitet Ihr dann gemeinsam.<\/h5>\n<p>&nbsp;<\/p>\n\t\t\t\t<img loading=\"lazy\" decoding=\"async\" src=\"https:\/\/tattoo-angel.com\/wp-content\/uploads\/2017\/10\/Sabrina_03.jpg\" alt=\"Sabrina_03\" itemprop=\"image\" height=\"959\" width=\"958\"  \/>\n<h1>\n\t\t\t<a href=\"https:\/\/tattoo-angel.com\/?page_id=11412\" title=\"Ready?\" target=\"_self\" rel=\"noopener\">\n\tReady?\n\t\t\t<\/a>\n\t\t\t<style>\n\t\t\t.fl-node- h1.vamtam-heading * {\n\t\t\t\tcolor: #ffffff !important;\n\t\t\t\t\t\t\t}\n\t\t<\/style>\n\t<\/h1>\n<\/div><!-- .vgblk-rw-wrapper -->","protected":false},"excerpt":{"rendered":"<p>1. Triff keine \u00fcbereilte Entscheidung! Wenn Du ein Tattoo aus einer Laune heraus,wegen eines Modetrends, wegen einer verlorenen Wette, um Jemandem etwas zu beweisen oder um gegen etwas oder Jemanden zu rebellieren machen lassen m\u00f6chtest, sind es die falschen Beweggr\u00fcnde und du wirst deine Wahl m\u00f6glicherweise bereuen. 2. W\u00e4ge die Stelle Deines neuen Tattoos ab&#8230;<\/p>\n","protected":false},"author":1,"featured_media":0,"parent":0,"menu_order":0,"comment_status":"closed","ping_status":"closed","template":"","meta":{"footnotes":""},"class_list":["post-12313","page","type-page","status-publish","hentry"],"jetpack_sharing_enabled":true,"jetpack_shortlink":"https:\/\/wp.me\/PelGoX-3cB","_links":{"self":[{"href":"https:\/\/tattoo-angel.com\/index.php?rest_route=\/wp\/v2\/pages\/12313","targetHints":{"allow":["GET"]}}],"collection":[{"href":"https:\/\/tattoo-angel.com\/index.php?rest_route=\/wp\/v2\/pages"}],"about":[{"href":"https:\/\/tattoo-angel.com\/index.php?rest_route=\/wp\/v2\/types\/page"}],"author":[{"embeddable":true,"href":"https:\/\/tattoo-angel.com\/index.php?rest_route=\/wp\/v2\/users\/1"}],"replies":[{"embeddable":true,"href":"https:\/\/tattoo-angel.com\/index.php?rest_route=%2Fwp%2Fv2%2Fcomments&post=12313"}],"version-history":[{"count":11,"href":"https:\/\/tattoo-angel.com\/index.php?rest_route=\/wp\/v2\/pages\/12313\/revisions"}],"predecessor-version":[{"id":12563,"href":"https:\/\/tattoo-angel.com\/index.php?rest_route=\/wp\/v2\/pages\/12313\/revisions\/12563"}],"wp:attachment":[{"href":"https:\/\/tattoo-angel.com\/index.php?rest_route=%2Fwp%2Fv2%2Fmedia&parent=12313"}],"curies":[{"name":"wp","href":"https:\/\/api.w.org\/{rel}","templated":true}]}}